{"id":4780,"date":"2023-05-17T13:52:16","date_gmt":"2023-05-17T11:52:16","guid":{"rendered":"https:\/\/www.latribujazba.com\/acciones-solidarias\/"},"modified":"2023-07-04T01:07:35","modified_gmt":"2023-07-03T23:07:35","slug":"acciones-solidarias","status":"publish","type":"page","link":"https:\/\/www.latribujazba.com\/en\/acciones-solidarias\/","title":{"rendered":"ACCI\u00d3N ACTUAL"},"content":{"rendered":"\n<p class=\"has-text-align-center has-luminous-vivid-amber-color has-text-color has-medium-font-size\"><strong>\u00bfD\u00d3NDE VA EL DINERO RECAUDADO DE MASAI MARA?<\/strong><\/p>\n\n\n\n<p><\/p>\n\n\n\n<p>A la <strong>Asociaci\u00f3n Amigos de Ositeti<\/strong>, una asociaci\u00f3n que ayuda a la <strong>Tribu de Masai Mara<\/strong> <strong>en Kenia<\/strong>, ha crear una sociedad educativa con su escuela y un dispensario.<\/p>\n\n\n\n<p>Con la r<strong>ecolecta de todo el dinero podremos ayudarle a su formaci\u00f3n educativa<\/strong> como a la evoluci\u00f3n de la misma, tanto la escuela como el dispensario <strong>son de momento instalaciones muy rudimentarias y con pocos recursos<\/strong>, pero la escuela en 7 a\u00f1os ha pasado de tener 40 alumnos (con menos del 10% de ni\u00f1as) a m\u00e1s de 500 (con m\u00e1s de un 30 % de ni\u00f1as).<\/p>\n\n\n\n<h2 class=\"wp-block-heading has-text-align-center\"><strong><mark style=\"background-color:rgba(0, 0, 0, 0)\" class=\"has-inline-color has-luminous-vivid-amber-color\">+ JUNTOS ES LA SUMA DE TODOS<\/mark><\/strong><\/h2>\n\n\n\n<figure class=\"wp-block-gallery has-nested-images columns-default is-cropped wp-block-gallery-1 is-layout-flex wp-block-gallery-is-layout-flex\">\n<figure class=\"wp-block-image size-large\"><img loading=\"lazy\" decoding=\"async\" width=\"1024\" height=\"768\" data-id=\"4694\" src=\"https:\/\/www.latribujazba.com\/wp-content\/uploads\/0cba2abd-1d96-4a05-9ead-d2797efd9308.jpeg\" alt=\"\" class=\"wp-image-4694\" srcset=\"https:\/\/www.latribujazba.com\/wp-content\/uploads\/0cba2abd-1d96-4a05-9ead-d2797efd9308.jpeg 1024w, https:\/\/www.latribujazba.com\/wp-content\/uploads\/0cba2abd-1d96-4a05-9ead-d2797efd9308-576x432.jpeg 576w, https:\/\/www.latribujazba.com\/wp-content\/uploads\/0cba2abd-1d96-4a05-9ead-d2797efd9308-768x576.jpeg 768w\" sizes=\"auto, (max-width: 1024px) 100vw, 1024px\" \/><\/figure>\n\n\n\n<figure class=\"wp-block-image size-full\"><img loading=\"lazy\" decoding=\"async\" width=\"1024\" height=\"712\" data-id=\"5126\" src=\"https:\/\/www.latribujazba.com\/wp-content\/uploads\/a5354232-e7a9-4c9d-822c-1ddb706c71b8.png\" alt=\"\" class=\"wp-image-5126\" srcset=\"https:\/\/www.latribujazba.com\/wp-content\/uploads\/a5354232-e7a9-4c9d-822c-1ddb706c71b8.png 1024w, https:\/\/www.latribujazba.com\/wp-content\/uploads\/a5354232-e7a9-4c9d-822c-1ddb706c71b8-576x401.png 576w, https:\/\/www.latribujazba.com\/wp-content\/uploads\/a5354232-e7a9-4c9d-822c-1ddb706c71b8-768x534.png 768w\" sizes=\"auto, (max-width: 1024px) 100vw, 1024px\" \/><\/figure>\n\n\n\n<figure class=\"wp-block-image size-full\"><img loading=\"lazy\" decoding=\"async\" width=\"1200\" height=\"750\" data-id=\"4655\" src=\"https:\/\/www.latribujazba.com\/wp-content\/uploads\/juntos-header.jpeg\" alt=\"\" class=\"wp-image-4655\" srcset=\"https:\/\/www.latribujazba.com\/wp-content\/uploads\/juntos-header.jpeg 1200w, https:\/\/www.latribujazba.com\/wp-content\/uploads\/juntos-header-1024x640.jpeg 1024w, https:\/\/www.latribujazba.com\/wp-content\/uploads\/juntos-header-576x360.jpeg 576w, https:\/\/www.latribujazba.com\/wp-content\/uploads\/juntos-header-768x480.jpeg 768w\" sizes=\"auto, (max-width: 1200px) 100vw, 1200px\" \/><\/figure>\n<\/figure>\n\n\n\n<h2 class=\"wp-block-heading\"><strong><strong>NUESTRAS ACCIONES<\/strong><\/strong><\/h2>\n\n\n\n<p>Esta es la suma de todas <strong>nuestras campa\u00f1as realizadas cada a\u00f1o<\/strong>, si algo realmente <strong>nos apasiona no es s\u00f3lo crear experiencia en nuestro entorno sino fuera de el.<\/strong><\/p>\n\n\n\n<p>Nada nos hace m\u00e1s feliz que aportar valor a nuestra sociedad: <strong>Pasar un d\u00eda con lo abuelos de la residencia de V\u00e9lez M\u00e1laga, reparto de regalos a los ni\u00f1os de M\u00e1laga Acoge, visita de Papa Noel al centro de menos de Torre del Mar, visita a la asociaci\u00f3n Humanity Foundation de Bali llev\u00e1ndole material.<\/strong><\/p>\n\n\n\n<div class=\"wp-block-columns is-layout-flex wp-container-core-columns-is-layout-1 wp-block-columns-is-layout-flex\">\n<div class=\"wp-block-column is-layout-flow wp-block-column-is-layout-flow\">\n<figure class=\"wp-block-gallery has-nested-images columns-3 is-cropped wp-block-gallery-2 is-layout-flex wp-block-gallery-is-layout-flex\">\n<figure class=\"wp-block-image size-large\"><img loading=\"lazy\" decoding=\"async\" width=\"1080\" height=\"1080\" src=\"https:\/\/www.latribujazba.com\/wp-content\/uploads\/IMG-9603.jpg\" alt=\"\" class=\"wp-image-4688\" srcset=\"https:\/\/www.latribujazba.com\/wp-content\/uploads\/IMG-9603.jpg 1080w, https:\/\/www.latribujazba.com\/wp-content\/uploads\/IMG-9603-1024x1024.jpg 1024w, https:\/\/www.latribujazba.com\/wp-content\/uploads\/IMG-9603-576x576.jpg 576w, https:\/\/www.latribujazba.com\/wp-content\/uploads\/IMG-9603-768x768.jpg 768w\" sizes=\"auto, (max-width: 1080px) 100vw, 1080px\" \/><\/figure>\n\n\n\n<figure class=\"wp-block-image size-large\"><img loading=\"lazy\" decoding=\"async\" width=\"1200\" height=\"1600\" src=\"https:\/\/www.latribujazba.com\/wp-content\/uploads\/PHOTO-2019-11-14-15-35-55-1200x1600.jpg\" alt=\"\" class=\"wp-image-4698\" srcset=\"https:\/\/www.latribujazba.com\/wp-content\/uploads\/PHOTO-2019-11-14-15-35-55-1200x1600.jpg 1200w, https:\/\/www.latribujazba.com\/wp-content\/uploads\/PHOTO-2019-11-14-15-35-55-1024x1365.jpg 1024w, https:\/\/www.latribujazba.com\/wp-content\/uploads\/PHOTO-2019-11-14-15-35-55-576x768.jpg 576w, https:\/\/www.latribujazba.com\/wp-content\/uploads\/PHOTO-2019-11-14-15-35-55-768x1024.jpg 768w, https:\/\/www.latribujazba.com\/wp-content\/uploads\/PHOTO-2019-11-14-15-35-55-1152x1536.jpg 1152w, https:\/\/www.latribujazba.com\/wp-content\/uploads\/PHOTO-2019-11-14-15-35-55.jpg 1536w\" sizes=\"auto, (max-width: 1200px) 100vw, 1200px\" \/><\/figure>\n\n\n\n<figure class=\"wp-block-image size-large\"><img loading=\"lazy\" decoding=\"async\" width=\"1080\" height=\"1080\" src=\"https:\/\/www.latribujazba.com\/wp-content\/uploads\/IMG-9605.jpg\" alt=\"\" class=\"wp-image-4684\" srcset=\"https:\/\/www.latribujazba.com\/wp-content\/uploads\/IMG-9605.jpg 1080w, https:\/\/www.latribujazba.com\/wp-content\/uploads\/IMG-9605-1024x1024.jpg 1024w, https:\/\/www.latribujazba.com\/wp-content\/uploads\/IMG-9605-576x576.jpg 576w, https:\/\/www.latribujazba.com\/wp-content\/uploads\/IMG-9605-768x768.jpg 768w\" sizes=\"auto, (max-width: 1080px) 100vw, 1080px\" \/><\/figure>\n\n\n\n<figure class=\"wp-block-image size-large\"><img loading=\"lazy\" decoding=\"async\" width=\"1080\" height=\"1080\" src=\"https:\/\/www.latribujazba.com\/wp-content\/uploads\/IMG-9606.jpg\" alt=\"\" class=\"wp-image-4682\" srcset=\"https:\/\/www.latribujazba.com\/wp-content\/uploads\/IMG-9606.jpg 1080w, https:\/\/www.latribujazba.com\/wp-content\/uploads\/IMG-9606-1024x1024.jpg 1024w, https:\/\/www.latribujazba.com\/wp-content\/uploads\/IMG-9606-576x576.jpg 576w, https:\/\/www.latribujazba.com\/wp-content\/uploads\/IMG-9606-768x768.jpg 768w\" sizes=\"auto, (max-width: 1080px) 100vw, 1080px\" \/><\/figure>\n\n\n\n<figure class=\"wp-block-image size-large\"><img loading=\"lazy\" decoding=\"async\" width=\"1200\" height=\"900\" src=\"https:\/\/www.latribujazba.com\/wp-content\/uploads\/PHOTO-2019-11-14-15-35-52-1200x900.jpg\" alt=\"\" class=\"wp-image-4696\" srcset=\"https:\/\/www.latribujazba.com\/wp-content\/uploads\/PHOTO-2019-11-14-15-35-52-1200x900.jpg 1200w, https:\/\/www.latribujazba.com\/wp-content\/uploads\/PHOTO-2019-11-14-15-35-52-1024x768.jpg 1024w, https:\/\/www.latribujazba.com\/wp-content\/uploads\/PHOTO-2019-11-14-15-35-52-576x432.jpg 576w, https:\/\/www.latribujazba.com\/wp-content\/uploads\/PHOTO-2019-11-14-15-35-52-768x576.jpg 768w, https:\/\/www.latribujazba.com\/wp-content\/uploads\/PHOTO-2019-11-14-15-35-52-1536x1152.jpg 1536w, https:\/\/www.latribujazba.com\/wp-content\/uploads\/PHOTO-2019-11-14-15-35-52-1600x1200.jpg 1600w, https:\/\/www.latribujazba.com\/wp-content\/uploads\/PHOTO-2019-11-14-15-35-52.jpg 2048w\" sizes=\"auto, (max-width: 1200px) 100vw, 1200px\" \/><\/figure>\n<\/figure>\n<\/div>\n<\/div>\n","protected":false},"excerpt":{"rendered":"<p>\u00bfD\u00d3NDE VA EL DINERO RECAUDADO DE MASAI MARA? A la Asociaci\u00f3n Amigos de Ositeti, una &#8230;<\/p>\n","protected":false},"author":1,"featured_media":0,"parent":0,"menu_order":0,"comment_status":"closed","ping_status":"closed","template":"page__universal.php","meta":{"inline_featured_image":false,"footnotes":""},"class_list":["post-4780","page","type-page","status-publish","hentry"],"yoast_head":"<!-- This site is optimized with the Yoast SEO plugin v24.8.1 - https:\/\/yoast.com\/wordpress\/plugins\/seo\/ -->\n<title>ACCI\u00d3N ACTUAL - La Tribu Jazba<\/title>\n<meta name=\"robots\" content=\"index, follow, max-snippet:-1, max-image-preview:large, max-video-preview:-1\" \/>\n<link rel=\"canonical\" href=\"https:\/\/www.latribujazba.com\/en\/acciones-solidarias\/\" \/>\n<meta property=\"og:locale\" content=\"en_US\" \/>\n<meta property=\"og:type\" content=\"article\" \/>\n<meta property=\"og:title\" content=\"ACCI\u00d3N ACTUAL - La Tribu Jazba\" \/>\n<meta property=\"og:description\" content=\"\u00bfD\u00d3NDE VA EL DINERO RECAUDADO DE MASAI MARA? A la Asociaci\u00f3n Amigos de Ositeti, una ...\" \/>\n<meta property=\"og:url\" content=\"https:\/\/www.latribujazba.com\/en\/acciones-solidarias\/\" \/>\n<meta property=\"og:site_name\" content=\"La Tribu Jazba\" \/>\n<meta property=\"article:modified_time\" content=\"2023-07-03T23:07:35+00:00\" \/>\n<meta property=\"og:image\" content=\"https:\/\/www.latribujazba.com\/wp-content\/uploads\/0cba2abd-1d96-4a05-9ead-d2797efd9308.jpeg\" \/>\n<meta name=\"twitter:card\" content=\"summary_large_image\" \/>\n<meta name=\"twitter:label1\" content=\"Est. reading time\" \/>\n\t<meta name=\"twitter:data1\" content=\"2 minutes\" \/>\n<script type=\"application\/ld+json\" class=\"yoast-schema-graph\">{\"@context\":\"https:\/\/schema.org\",\"@graph\":[{\"@type\":\"WebPage\",\"@id\":\"https:\/\/www.latribujazba.com\/en\/acciones-solidarias\/\",\"url\":\"https:\/\/www.latribujazba.com\/en\/acciones-solidarias\/\",\"name\":\"ACCI\u00d3N ACTUAL - La Tribu Jazba\",\"isPartOf\":{\"@id\":\"https:\/\/www.latribujazba.com\/en\/#website\"},\"primaryImageOfPage\":{\"@id\":\"https:\/\/www.latribujazba.com\/en\/acciones-solidarias\/#primaryimage\"},\"image\":{\"@id\":\"https:\/\/www.latribujazba.com\/en\/acciones-solidarias\/#primaryimage\"},\"thumbnailUrl\":\"https:\/\/www.latribujazba.com\/wp-content\/uploads\/0cba2abd-1d96-4a05-9ead-d2797efd9308.jpeg\",\"datePublished\":\"2023-05-17T11:52:16+00:00\",\"dateModified\":\"2023-07-03T23:07:35+00:00\",\"breadcrumb\":{\"@id\":\"https:\/\/www.latribujazba.com\/en\/acciones-solidarias\/#breadcrumb\"},\"inLanguage\":\"en-US\",\"potentialAction\":[{\"@type\":\"ReadAction\",\"target\":[\"https:\/\/www.latribujazba.com\/en\/acciones-solidarias\/\"]}]},{\"@type\":\"ImageObject\",\"inLanguage\":\"en-US\",\"@id\":\"https:\/\/www.latribujazba.com\/en\/acciones-solidarias\/#primaryimage\",\"url\":\"https:\/\/www.latribujazba.com\/wp-content\/uploads\/0cba2abd-1d96-4a05-9ead-d2797efd9308.jpeg\",\"contentUrl\":\"https:\/\/www.latribujazba.com\/wp-content\/uploads\/0cba2abd-1d96-4a05-9ead-d2797efd9308.jpeg\"},{\"@type\":\"BreadcrumbList\",\"@id\":\"https:\/\/www.latribujazba.com\/en\/acciones-solidarias\/#breadcrumb\",\"itemListElement\":[{\"@type\":\"ListItem\",\"position\":1,\"name\":\"Portada\",\"item\":\"https:\/\/www.latribujazba.com\/en\/\"},{\"@type\":\"ListItem\",\"position\":2,\"name\":\"ACCI\u00d3N ACTUAL\"}]},{\"@type\":\"WebSite\",\"@id\":\"https:\/\/www.latribujazba.com\/en\/#website\",\"url\":\"https:\/\/www.latribujazba.com\/en\/\",\"name\":\"La Tribu Jazba\",\"description\":\"Vive, disfruta, experimenta.\",\"potentialAction\":[{\"@type\":\"SearchAction\",\"target\":{\"@type\":\"EntryPoint\",\"urlTemplate\":\"https:\/\/www.latribujazba.com\/en\/?s={search_term_string}\"},\"query-input\":{\"@type\":\"PropertyValueSpecification\",\"valueRequired\":true,\"valueName\":\"search_term_string\"}}],\"inLanguage\":\"en-US\"}]}<\/script>\n<!-- \/ Yoast SEO plugin. -->","yoast_head_json":{"title":"ACCI\u00d3N ACTUAL - La Tribu Jazba","robots":{"index":"index","follow":"follow","max-snippet":"max-snippet:-1","max-image-preview":"max-image-preview:large","max-video-preview":"max-video-preview:-1"},"canonical":"https:\/\/www.latribujazba.com\/en\/acciones-solidarias\/","og_locale":"en_US","og_type":"article","og_title":"ACCI\u00d3N ACTUAL - La Tribu Jazba","og_description":"\u00bfD\u00d3NDE VA EL DINERO RECAUDADO DE MASAI MARA? A la Asociaci\u00f3n Amigos de Ositeti, una ...","og_url":"https:\/\/www.latribujazba.com\/en\/acciones-solidarias\/","og_site_name":"La Tribu Jazba","article_modified_time":"2023-07-03T23:07:35+00:00","og_image":[{"url":"https:\/\/www.latribujazba.com\/wp-content\/uploads\/0cba2abd-1d96-4a05-9ead-d2797efd9308.jpeg","type":"","width":"","height":""}],"twitter_card":"summary_large_image","twitter_misc":{"Est. reading time":"2 minutes"},"schema":{"@context":"https:\/\/schema.org","@graph":[{"@type":"WebPage","@id":"https:\/\/www.latribujazba.com\/en\/acciones-solidarias\/","url":"https:\/\/www.latribujazba.com\/en\/acciones-solidarias\/","name":"ACCI\u00d3N ACTUAL - La Tribu Jazba","isPartOf":{"@id":"https:\/\/www.latribujazba.com\/en\/#website"},"primaryImageOfPage":{"@id":"https:\/\/www.latribujazba.com\/en\/acciones-solidarias\/#primaryimage"},"image":{"@id":"https:\/\/www.latribujazba.com\/en\/acciones-solidarias\/#primaryimage"},"thumbnailUrl":"https:\/\/www.latribujazba.com\/wp-content\/uploads\/0cba2abd-1d96-4a05-9ead-d2797efd9308.jpeg","datePublished":"2023-05-17T11:52:16+00:00","dateModified":"2023-07-03T23:07:35+00:00","breadcrumb":{"@id":"https:\/\/www.latribujazba.com\/en\/acciones-solidarias\/#breadcrumb"},"inLanguage":"en-US","potentialAction":[{"@type":"ReadAction","target":["https:\/\/www.latribujazba.com\/en\/acciones-solidarias\/"]}]},{"@type":"ImageObject","inLanguage":"en-US","@id":"https:\/\/www.latribujazba.com\/en\/acciones-solidarias\/#primaryimage","url":"https:\/\/www.latribujazba.com\/wp-content\/uploads\/0cba2abd-1d96-4a05-9ead-d2797efd9308.jpeg","contentUrl":"https:\/\/www.latribujazba.com\/wp-content\/uploads\/0cba2abd-1d96-4a05-9ead-d2797efd9308.jpeg"},{"@type":"BreadcrumbList","@id":"https:\/\/www.latribujazba.com\/en\/acciones-solidarias\/#breadcrumb","itemListElement":[{"@type":"ListItem","position":1,"name":"Portada","item":"https:\/\/www.latribujazba.com\/en\/"},{"@type":"ListItem","position":2,"name":"ACCI\u00d3N ACTUAL"}]},{"@type":"WebSite","@id":"https:\/\/www.latribujazba.com\/en\/#website","url":"https:\/\/www.latribujazba.com\/en\/","name":"La Tribu Jazba","description":"Vive, disfruta, experimenta.","potentialAction":[{"@type":"SearchAction","target":{"@type":"EntryPoint","urlTemplate":"https:\/\/www.latribujazba.com\/en\/?s={search_term_string}"},"query-input":{"@type":"PropertyValueSpecification","valueRequired":true,"valueName":"search_term_string"}}],"inLanguage":"en-US"}]}},"_links":{"self":[{"href":"https:\/\/www.latribujazba.com\/en\/wp-json\/wp\/v2\/pages\/4780","targetHints":{"allow":["GET"]}}],"collection":[{"href":"https:\/\/www.latribujazba.com\/en\/wp-json\/wp\/v2\/pages"}],"about":[{"href":"https:\/\/www.latribujazba.com\/en\/wp-json\/wp\/v2\/types\/page"}],"author":[{"embeddable":true,"href":"https:\/\/www.latribujazba.com\/en\/wp-json\/wp\/v2\/users\/1"}],"replies":[{"embeddable":true,"href":"https:\/\/www.latribujazba.com\/en\/wp-json\/wp\/v2\/comments?post=4780"}],"version-history":[{"count":2,"href":"https:\/\/www.latribujazba.com\/en\/wp-json\/wp\/v2\/pages\/4780\/revisions"}],"predecessor-version":[{"id":5136,"href":"https:\/\/www.latribujazba.com\/en\/wp-json\/wp\/v2\/pages\/4780\/revisions\/5136"}],"wp:attachment":[{"href":"https:\/\/www.latribujazba.com\/en\/wp-json\/wp\/v2\/media?parent=4780"}],"curies":[{"name":"wp","href":"https:\/\/api.w.org\/{rel}","templated":true}]}}