{"id":4783,"date":"2023-05-17T13:40:03","date_gmt":"2023-05-17T11:40:03","guid":{"rendered":"https:\/\/www.latribujazba.com\/eco-jazba\/"},"modified":"2023-05-20T19:09:43","modified_gmt":"2023-05-20T17:09:43","slug":"eco-jazba","status":"publish","type":"page","link":"https:\/\/www.latribujazba.com\/en\/eco-jazba\/","title":{"rendered":"ECO JAZBA"},"content":{"rendered":"\n<figure class=\"wp-block-image size-full\"><img decoding=\"async\" src=\"https:\/\/www.latribujazba.com\/wp-content\/uploads\/Eco-Jazba-header.jpeg\" alt=\"\" class=\"wp-image-4668\"\/><\/figure>\n\n\n\n<p>En primer lugar, nos encontramos en un tiempo cr\u00edtico en la historia de la tierra, debido a que el cambio clim\u00e1tico est\u00e1 afectando de una manera muy negativa y con las debidas consecuencias que conlleva.<\/p>\n\n\n\n<p>Para combatir estos problemas ambientales que entre todos hemos provocado durante a\u00f1os, hace falta concienciar a la poblaci\u00f3n mundial del da\u00f1o causado y del futuro de nuestros progenitores.<\/p>\n\n\n\n<p>Para ello, es necesario conseguir un crecimiento sostenible satisfaciendo todas nuestras necesidades pero renovando, reciclando y con un un consumo responsable de los residuos. <\/p>\n\n\n\n<p>Por eso, en La Tribu Jazba, somos conscientes de la importancia de cuidar y proteger el medio ambiente, y el principal objetivo de este plan, es crear una Tribu m\u00e1s sostenible y con esto un mundo mejor, por eso vamos a implementar una campa\u00f1a para ayudar mejorar y contribuir a la sostenible de los recursos y ofrecer un eco-dise\u00f1o para nuestros clientes.<\/p>\n\n\n\n<h2 class=\"wp-block-heading\"><strong>Nuestras acciones<\/strong><\/h2>\n\n\n<div id=\"gutenslider-yw9f6c45m\" class=\"wp-block-eedee-block-gutenslider gs-frontend content-change alignnone arrow-style-1 arrow-position-sides arrow-mb-none arrows-lg arrows-md arrows-sm dot-style-1 dots-lg dots-md dots-sm dot-position-bottom is-position-center-center mb-none wrap-auto-height\" data-parallax-direction=\"down\" data-parallax-amount=\"1.3\" data-lg-transition=\"lg-slide\" data-hash=\"\" ><div class=\"eedee-swiper-outer\" style=\"--gutenslider-min-height: 50vh;--gutenslider-arrow-size: 30px;--gutenslider-dot-size: 25px;--gutenslider-arrow-color: #ffffff;--gutenslider-dot-color: #ffffff;--gutenslider-padding-y-mobile: 40px;--gutenslider-padding-x-mobile: 40px;--gutenslider-padding-y-tablet: 40px;--gutenslider-padding-x-tablet: 40px;--gutenslider-padding-y-desktop: 40px;--gutenslider-padding-x-desktop: 40px;--gutenslider-bg-image: url();--gutenslider-min-height-md: 50vh;--gutenslider-min-height-sm: 50vh;--gutenslider-padding-x: 40px;--gutenslider-padding-x-md: 40px;--gutenslider-padding-x-sm: 20px;--gutenslider-padding-y: 40px;--gutenslider-padding-y-md: 40px;--gutenslider-padding-y-sm: 20px;--gutenslider-arrow-size-md: 30px;--gutenslider-arrow-size-sm: 30px;--gutenslider-dot-size-md: 25px;--gutenslider-dot-size-sm: 25px;--gutenslider-arrow-bg-color: transparent;--gutenslider-arrow-hover-color: #eeeeee;--gutenslider-arrow-bg-hover-color: transparent;--gutenslider-arrow-x-offset: 10px;--gutenslider-arrow-x-offset-md: 10px;--gutenslider-arrow-x-offset-sm: 10px;--gutenslider-arrow-y-offset: 0px;--gutenslider-arrow-y-offset-md: 0px;--gutenslider-arrow-y-offset-sm: 0px;--gutenslider-arrow-x-spacing: 0px;--gutenslider-dot-y-offset: 10px;--gutenslider-dot-y-offset-md: 10px;--gutenslider-dot-y-offset-sm: 10px;--gutenslider-margin-x: 0px;--gutenslider-margin-x-md: 0px;--gutenslider-margin-x-sm: 0px;--gutenslider-margin-y: 0px;--gutenslider-margin-y-md: 0px;--gutenslider-margin-y-sm: 0px;--gutenslider-divider-top: 60px;--gutenslider-divider-bottom: 60px;--gutenslider-lightgallery-bg: #ffffff;--gutenslider-lightgallery-font: #000000;--gs-first-pos: 50% 50%;--gs-gap-vertical: var( --wp--style--gallery-gap-default, var( --gallery-block--gutter-size, var( --wp--style--block-gap, 0.5em ) ) );--gs-gap-horizontal: var( --wp--style--gallery-gap-default, var( --gallery-block--gutter-size, var( --wp--style--block-gap, 0.5em ) ) );\"><div class=\"gutenslider-divider-top\" style=\"color:#fff;\"><\/div><div class=\"swiper\" data-settings='{\"autoplay\":{\"delay\":3000,\"pauseOnMouseEnter\":true,\"disableOnInteraction\":false},\"speed\":700,\"direction\":\"horizontal\",\"autoHeight\":\"\",\"loop\":true,\"centeredSlides\":true,\"spaceBetween\":0,\"slidesPerView\":1,\"slidesPerGroup\":1,\"effect\":\"slide\",\"coverflowEffect\":{\"rotate\":30,\"slideShadows\":false,\"depth\":100,\"stretch\":50,\"modifier\":1},\"fadeEffect\":{\"crossFade\":true},\"zoom\":\"\",\"navigation\":{\"nextEl\":\"#gutenslider-yw9f6c45m .eedee-gutenslider-next\",\"prevEl\":\"#gutenslider-yw9f6c45m .eedee-gutenslider-prev\"},\"pagination\":{\"type\":\"bullets\",\"clickable\":true,\"dynamicBullets\":false,\"el\":\"#gutenslider-yw9f6c45m .eedee-gutenslider-pagination\"},\"pauseOnHover\":\"1\",\"watchSlidesProgress\":true,\"watchSlidesVisibility\":true,\"settingsMd\":{\"autoHeight\":\"\",\"slidesPerView\":1,\"slidesPerGroup\":1,\"spaceBetween\":0,\"loop\":true},\"settingsLg\":{\"autoHeight\":\"\",\"slidesPerView\":1,\"slidesPerGroup\":1,\"spaceBetween\":0,\"loop\":true},\"hasLg\":false,\"hasLgCounter\":true,\"isFullScreen\":false,\"arrowsFollowMouse\":false,\"lgTitle\":\"none\",\"lgCaption\":\"none\",\"lgThumbnails\":true,\"lgZoomEnabled\":false,\"keyboard\":{\"keyboard\":{\"enabled\":true,\"onlyInViewport\":true}},\"hashNavigation\":false,\"dividers\":false}'><div class=\"swiper-wrapper\">\n<div class=\"swiper-slide wp-block-eedee-block-gutenslide is-position-center-center ed-bg-image\" style=\"--ed-vw:970;--ed-vh:250;\" data-hash=\"\"><div class=\"eedee-background-div bg-image\"><img loading=\"lazy\" width=\"970\" height=\"250\" class=\"wp-image-4670\" src=\"https:\/\/www.latribujazba.com\/wp-content\/uploads\/eco-jazba-03.png\" alt=\"\" decoding=\"async\" style=\"object-fit: cover; object-position: 50% 50%;\"  data-title=\"eco jazba 03\" srcset=\"https:\/\/www.latribujazba.com\/wp-content\/uploads\/eco-jazba-03.png 970w, https:\/\/www.latribujazba.com\/wp-content\/uploads\/eco-jazba-03-576x148.png 576w, https:\/\/www.latribujazba.com\/wp-content\/uploads\/eco-jazba-03-768x198.png 768w\" sizes=\"auto, (max-width: 970px) 100vw, 970px\" \/><div class=\"eedee-background-div__overlay\" style=\"opacity:1;\"><\/div><\/div><div class=\"slide-content\">\n\n<p class=\"has-text-align-center gutenslider-content-initial has-larger-font-size\"><\/p>\n\n<\/div><\/div>\n\n<div class=\"swiper-slide wp-block-eedee-block-gutenslide is-position-center-center ed-bg-image\" style=\"--ed-vw:970;--ed-vh:250;\" data-hash=\"\"><div class=\"eedee-background-div bg-image\"><img loading=\"lazy\" width=\"970\" height=\"250\" class=\"wp-image-4672\" src=\"https:\/\/www.latribujazba.com\/wp-content\/uploads\/eco-jazba-02.png\" alt=\"\" decoding=\"async\" style=\"object-fit: cover; object-position: 50% 50%;\"  data-title=\"eco jazba 02\" srcset=\"https:\/\/www.latribujazba.com\/wp-content\/uploads\/eco-jazba-02.png 970w, https:\/\/www.latribujazba.com\/wp-content\/uploads\/eco-jazba-02-576x148.png 576w, https:\/\/www.latribujazba.com\/wp-content\/uploads\/eco-jazba-02-768x198.png 768w\" sizes=\"auto, (max-width: 970px) 100vw, 970px\" \/><div class=\"eedee-background-div__overlay\" style=\"opacity:1;\"><\/div><\/div><div class=\"slide-content\">\n\n<p class=\"has-text-align-center gutenslider-content-initial has-larger-font-size\"><\/p>\n\n<\/div><\/div>\n\n<div class=\"swiper-slide wp-block-eedee-block-gutenslide is-position-center-center ed-bg-image\" style=\"--ed-vw:970;--ed-vh:250;\" data-hash=\"\"><div class=\"eedee-background-div bg-image\"><img loading=\"lazy\" width=\"970\" height=\"250\" class=\"wp-image-4674\" src=\"https:\/\/www.latribujazba.com\/wp-content\/uploads\/eco-jazba-01.png\" alt=\"\" decoding=\"async\" style=\"object-fit: cover; object-position: 50% 50%;\"  data-title=\"eco jazba 01\" srcset=\"https:\/\/www.latribujazba.com\/wp-content\/uploads\/eco-jazba-01.png 970w, https:\/\/www.latribujazba.com\/wp-content\/uploads\/eco-jazba-01-576x148.png 576w, https:\/\/www.latribujazba.com\/wp-content\/uploads\/eco-jazba-01-768x198.png 768w\" sizes=\"auto, (max-width: 970px) 100vw, 970px\" \/><div class=\"eedee-background-div__overlay\" style=\"opacity:1;\"><\/div><\/div><div class=\"slide-content\">\n\n<p class=\"has-text-align-center gutenslider-content-initial has-larger-font-size\"><\/p>\n\n<\/div><\/div>\n<\/div><\/div><button class=\"eedee-gutenslider-nav eedee-gutenslider-prev\"><svg xmlns=\"http:\/\/www.w3.org\/2000\/svg\" viewBox=\"0 0 24 24\" width=\"24\" height=\"24\"><circle class=\"bg\" cx=\"13\" cy=\"12\" r=\"11\" \/><path fill=\"none\" d=\"M0 0h24v24H0z\"\/><path class=\"arrow\" d=\"M10.828 12l4.95 4.95-1.414 1.414L8 12l6.364-6.364 1.414 1.414z\"\/><\/svg><\/button><button class=\"eedee-gutenslider-nav eedee-gutenslider-next\"><svg xmlns=\"http:\/\/www.w3.org\/2000\/svg\" viewBox=\"0 0 24 24\" width=\"24\" height=\"24\"><circle class=\"bg\" cx=\"11\" cy=\"12\" r=\"11\" \/><path fill=\"none\" d=\"M0 0h24v24H0z\"\/><path class=\"arrow\" d=\"M13.172 12l-4.95-4.95 1.414-1.414L16 12l-6.364 6.364-1.414-1.414z\"\/><\/svg><\/button><div class=\"eedee-gutenslider-pagination\"><\/div><div class=\"gutenslider-divider-bottom \" style=\"color:#fff;\"><\/div><\/div><\/div>","protected":false},"excerpt":{"rendered":"<p>En primer lugar, nos encontramos en un tiempo cr\u00edtico en la historia de la tierra, &#8230;<\/p>\n","protected":false},"author":1,"featured_media":0,"parent":0,"menu_order":0,"comment_status":"closed","ping_status":"closed","template":"page__universal.php","meta":{"inline_featured_image":false,"footnotes":""},"class_list":["post-4783","page","type-page","status-publish","hentry"],"yoast_head":"<!-- This site is optimized with the Yoast SEO plugin v24.8.1 - https:\/\/yoast.com\/wordpress\/plugins\/seo\/ -->\n<title>La Tribu Jazba - La Tribu Jazba<\/title>\n<meta name=\"robots\" content=\"index, follow, max-snippet:-1, max-image-preview:large, max-video-preview:-1\" \/>\n<link rel=\"canonical\" href=\"https:\/\/www.latribujazba.com\/en\/eco-jazba\/\" \/>\n<meta property=\"og:locale\" content=\"en_US\" \/>\n<meta property=\"og:type\" content=\"article\" \/>\n<meta property=\"og:title\" content=\"La Tribu Jazba - La Tribu Jazba\" \/>\n<meta property=\"og:description\" content=\"En primer lugar, nos encontramos en un tiempo cr\u00edtico en la historia de la tierra, ...\" \/>\n<meta property=\"og:url\" content=\"https:\/\/www.latribujazba.com\/en\/eco-jazba\/\" \/>\n<meta property=\"og:site_name\" content=\"La Tribu Jazba\" \/>\n<meta property=\"article:modified_time\" content=\"2023-05-20T17:09:43+00:00\" \/>\n<meta property=\"og:image\" content=\"https:\/\/www.latribujazba.com\/wp-content\/uploads\/Eco-Jazba-header.jpeg\" \/>\n<meta name=\"twitter:card\" content=\"summary_large_image\" \/>\n<meta name=\"twitter:label1\" content=\"Est. reading time\" \/>\n\t<meta name=\"twitter:data1\" content=\"1 minute\" \/>\n<script type=\"application\/ld+json\" class=\"yoast-schema-graph\">{\"@context\":\"https:\/\/schema.org\",\"@graph\":[{\"@type\":\"WebPage\",\"@id\":\"https:\/\/www.latribujazba.com\/en\/eco-jazba\/\",\"url\":\"https:\/\/www.latribujazba.com\/en\/eco-jazba\/\",\"name\":\"La Tribu Jazba - La Tribu Jazba\",\"isPartOf\":{\"@id\":\"https:\/\/www.latribujazba.com\/en\/#website\"},\"primaryImageOfPage\":{\"@id\":\"https:\/\/www.latribujazba.com\/en\/eco-jazba\/#primaryimage\"},\"image\":{\"@id\":\"https:\/\/www.latribujazba.com\/en\/eco-jazba\/#primaryimage\"},\"thumbnailUrl\":\"https:\/\/www.latribujazba.com\/wp-content\/uploads\/Eco-Jazba-header.jpeg\",\"datePublished\":\"2023-05-17T11:40:03+00:00\",\"dateModified\":\"2023-05-20T17:09:43+00:00\",\"breadcrumb\":{\"@id\":\"https:\/\/www.latribujazba.com\/en\/eco-jazba\/#breadcrumb\"},\"inLanguage\":\"en-US\",\"potentialAction\":[{\"@type\":\"ReadAction\",\"target\":[\"https:\/\/www.latribujazba.com\/en\/eco-jazba\/\"]}]},{\"@type\":\"ImageObject\",\"inLanguage\":\"en-US\",\"@id\":\"https:\/\/www.latribujazba.com\/en\/eco-jazba\/#primaryimage\",\"url\":\"https:\/\/www.latribujazba.com\/wp-content\/uploads\/Eco-Jazba-header.jpeg\",\"contentUrl\":\"https:\/\/www.latribujazba.com\/wp-content\/uploads\/Eco-Jazba-header.jpeg\"},{\"@type\":\"BreadcrumbList\",\"@id\":\"https:\/\/www.latribujazba.com\/en\/eco-jazba\/#breadcrumb\",\"itemListElement\":[{\"@type\":\"ListItem\",\"position\":1,\"name\":\"Portada\",\"item\":\"https:\/\/www.latribujazba.com\/en\/\"},{\"@type\":\"ListItem\",\"position\":2,\"name\":\"ECO JAZBA\"}]},{\"@type\":\"WebSite\",\"@id\":\"https:\/\/www.latribujazba.com\/en\/#website\",\"url\":\"https:\/\/www.latribujazba.com\/en\/\",\"name\":\"La Tribu Jazba\",\"description\":\"Vive, disfruta, experimenta.\",\"potentialAction\":[{\"@type\":\"SearchAction\",\"target\":{\"@type\":\"EntryPoint\",\"urlTemplate\":\"https:\/\/www.latribujazba.com\/en\/?s={search_term_string}\"},\"query-input\":{\"@type\":\"PropertyValueSpecification\",\"valueRequired\":true,\"valueName\":\"search_term_string\"}}],\"inLanguage\":\"en-US\"}]}<\/script>\n<!-- \/ Yoast SEO plugin. -->","yoast_head_json":{"title":"La Tribu Jazba - La Tribu Jazba","robots":{"index":"index","follow":"follow","max-snippet":"max-snippet:-1","max-image-preview":"max-image-preview:large","max-video-preview":"max-video-preview:-1"},"canonical":"https:\/\/www.latribujazba.com\/en\/eco-jazba\/","og_locale":"en_US","og_type":"article","og_title":"La Tribu Jazba - La Tribu Jazba","og_description":"En primer lugar, nos encontramos en un tiempo cr\u00edtico en la historia de la tierra, ...","og_url":"https:\/\/www.latribujazba.com\/en\/eco-jazba\/","og_site_name":"La Tribu Jazba","article_modified_time":"2023-05-20T17:09:43+00:00","og_image":[{"url":"https:\/\/www.latribujazba.com\/wp-content\/uploads\/Eco-Jazba-header.jpeg","type":"","width":"","height":""}],"twitter_card":"summary_large_image","twitter_misc":{"Est. reading time":"1 minute"},"schema":{"@context":"https:\/\/schema.org","@graph":[{"@type":"WebPage","@id":"https:\/\/www.latribujazba.com\/en\/eco-jazba\/","url":"https:\/\/www.latribujazba.com\/en\/eco-jazba\/","name":"La Tribu Jazba - La Tribu Jazba","isPartOf":{"@id":"https:\/\/www.latribujazba.com\/en\/#website"},"primaryImageOfPage":{"@id":"https:\/\/www.latribujazba.com\/en\/eco-jazba\/#primaryimage"},"image":{"@id":"https:\/\/www.latribujazba.com\/en\/eco-jazba\/#primaryimage"},"thumbnailUrl":"https:\/\/www.latribujazba.com\/wp-content\/uploads\/Eco-Jazba-header.jpeg","datePublished":"2023-05-17T11:40:03+00:00","dateModified":"2023-05-20T17:09:43+00:00","breadcrumb":{"@id":"https:\/\/www.latribujazba.com\/en\/eco-jazba\/#breadcrumb"},"inLanguage":"en-US","potentialAction":[{"@type":"ReadAction","target":["https:\/\/www.latribujazba.com\/en\/eco-jazba\/"]}]},{"@type":"ImageObject","inLanguage":"en-US","@id":"https:\/\/www.latribujazba.com\/en\/eco-jazba\/#primaryimage","url":"https:\/\/www.latribujazba.com\/wp-content\/uploads\/Eco-Jazba-header.jpeg","contentUrl":"https:\/\/www.latribujazba.com\/wp-content\/uploads\/Eco-Jazba-header.jpeg"},{"@type":"BreadcrumbList","@id":"https:\/\/www.latribujazba.com\/en\/eco-jazba\/#breadcrumb","itemListElement":[{"@type":"ListItem","position":1,"name":"Portada","item":"https:\/\/www.latribujazba.com\/en\/"},{"@type":"ListItem","position":2,"name":"ECO JAZBA"}]},{"@type":"WebSite","@id":"https:\/\/www.latribujazba.com\/en\/#website","url":"https:\/\/www.latribujazba.com\/en\/","name":"La Tribu Jazba","description":"Vive, disfruta, experimenta.","potentialAction":[{"@type":"SearchAction","target":{"@type":"EntryPoint","urlTemplate":"https:\/\/www.latribujazba.com\/en\/?s={search_term_string}"},"query-input":{"@type":"PropertyValueSpecification","valueRequired":true,"valueName":"search_term_string"}}],"inLanguage":"en-US"}]}},"_links":{"self":[{"href":"https:\/\/www.latribujazba.com\/en\/wp-json\/wp\/v2\/pages\/4783","targetHints":{"allow":["GET"]}}],"collection":[{"href":"https:\/\/www.latribujazba.com\/en\/wp-json\/wp\/v2\/pages"}],"about":[{"href":"https:\/\/www.latribujazba.com\/en\/wp-json\/wp\/v2\/types\/page"}],"author":[{"embeddable":true,"href":"https:\/\/www.latribujazba.com\/en\/wp-json\/wp\/v2\/users\/1"}],"replies":[{"embeddable":true,"href":"https:\/\/www.latribujazba.com\/en\/wp-json\/wp\/v2\/comments?post=4783"}],"version-history":[{"count":1,"href":"https:\/\/www.latribujazba.com\/en\/wp-json\/wp\/v2\/pages\/4783\/revisions"}],"predecessor-version":[{"id":4784,"href":"https:\/\/www.latribujazba.com\/en\/wp-json\/wp\/v2\/pages\/4783\/revisions\/4784"}],"wp:attachment":[{"href":"https:\/\/www.latribujazba.com\/en\/wp-json\/wp\/v2\/media?parent=4783"}],"curies":[{"name":"wp","href":"https:\/\/api.w.org\/{rel}","templated":true}]}}