{"id":5782,"date":"2023-12-10T20:08:37","date_gmt":"2023-12-10T19:08:37","guid":{"rendered":"https:\/\/www.latribujazba.com\/eventos-deluxe-frente-al-mar\/"},"modified":"2025-04-03T12:07:16","modified_gmt":"2025-04-03T10:07:16","slug":"eventos-deluxe-frente-al-mar","status":"publish","type":"page","link":"https:\/\/www.latribujazba.com\/en\/eventos-deluxe-frente-al-mar\/","title":{"rendered":"EVENTOS DELUXE FRENTE AL MAR\u2026"},"content":{"rendered":"\n<h2 class=\"wp-block-heading\"><em><em>Lo que sue\u00f1as, lo conseguimos&#8230;.<\/em><\/em><\/h2>\n\n\n\n<div class=\"wp-block-columns are-vertically-aligned-center is-layout-flex wp-container-core-columns-is-layout-1 wp-block-columns-is-layout-flex\">\n<div class=\"wp-block-column is-vertically-aligned-center is-layout-flow wp-block-column-is-layout-flow\" style=\"flex-basis:100%\">\n<div class=\"wp-block-buttons is-layout-flex wp-block-buttons-is-layout-flex\">\n<div class=\"wp-block-button\"><a class=\"wp-block-button__link has-text-align-center wp-element-button\" href=\"https:\/\/tools.sodapdf.com\/es\/document\/e9a5f3f3-00a0-48dc-92e4-14ee08a19abd\" target=\"_blank\" rel=\"noreferrer noopener\">T\u00da BODA<\/a><\/div>\n\n\n\n<div class=\"wp-block-button\"><a class=\"wp-block-button__link has-text-align-center wp-element-button\" href=\"https:\/\/www.latribujazba.com\/wp-content\/uploads\/JAZBA-EN-CASA.pdf\" target=\"_blank\" rel=\"noreferrer noopener\">JAZBA EN CASA<\/a><\/div>\n\n\n\n<div class=\"wp-block-button\"><a class=\"wp-block-button__link has-text-align-center wp-element-button\" href=\"https:\/\/tools.sodapdf.com\/es\/document\/ecc24d2c-bd71-40be-9d02-26a2dc4db144\" target=\"_blank\" rel=\"noreferrer noopener\">EVENTOS BOHO<\/a><\/div>\n\n\n\n<div class=\"wp-block-button\"><a class=\"wp-block-button__link has-text-align-center wp-element-button\" href=\"https:\/\/www.latribujazba.com\/wp-content\/uploads\/EVENTOS-M.I.C.E-1.pdf\" target=\"_blank\" rel=\"noreferrer noopener\">EVENTOS M.I.C.E<\/a><\/div>\n<\/div>\n<\/div>\n<\/div>\n\n\n\n<p>Si quer\u00e9is disfrutar de unas privilegiadas vistas del mar en vuestro gran d\u00eda, hab\u00e9is dado con el lugar indicado.<\/p>\n\n\n\n<p><strong>En Bah\u00eda Beach<\/strong>&nbsp;&nbsp;<strong>y en<\/strong>&nbsp;<strong>La Palapa Beach<\/strong>&nbsp;disponemos de espacios&nbsp; m\u00e1gicos frente al mar, en el que podr\u00e9is llevar a cabo cualquier tipo de evento con lo que siempre hab\u00edais so\u00f1ado, disfrutando de un escenario \u00fanico, as\u00ed como de la experiencia y profesionalidad de nuestra&nbsp;<strong>TRIBU.<\/strong><\/p>\n\n\n\n<div class=\"video\">\n                <img decoding=\"async\" src=\"https:\/\/www.latribujazba.com\/wp-content\/uploads\/VIdeo-evento-poster.jpg\">\n                <!-- <iframe loading=\"lazy\" width=\"560\" height=\"315\" src=\"https:\/\/www.youtube.com\/embed\/r_x_NW4pVmQ?autoplay=1&si=h8Zz-eie80yvPqzf&amp;controls=0\" title=\"YouTube video player\" frameborder=\"0\" allow=\"accelerometer; autoplay; clipboard-write; encrypted-media; gyroscope; picture-in-picture; web-share\" allowfullscreen><\/iframe>-->\n            \n            <\/div>\n\n\n\n<h2 class=\"wp-block-heading has-text-align-center\"><strong>D\u00e9janos tus datos<\/strong><\/h2>\n\n\n\n<p class=\"has-text-align-center\">Nuestro horarios es de Lunes a Viernes de 11-19h<br><\/p>\n\n\n\n<div class=\"wp-block-buttons is-content-justification-center is-layout-flex wp-container-core-buttons-is-layout-2 wp-block-buttons-is-layout-flex\">\n<div class=\"wp-block-button\"><a class=\"wp-block-button__link wp-element-button\" href=\"mailto:info@latribujazba.com\" target=\"_blank\" rel=\"noopener\">PERSONALIZAR TU EVENTO<\/a><\/div>\n<\/div>\n","protected":false},"excerpt":{"rendered":"<p>Lo que sue\u00f1as, lo conseguimos&#8230;. Si quer\u00e9is disfrutar de unas privilegiadas vistas del mar en &#8230;<\/p>\n","protected":false},"author":1,"featured_media":5901,"parent":0,"menu_order":0,"comment_status":"closed","ping_status":"closed","template":"page__eventos_2023.php","meta":{"inline_featured_image":false,"footnotes":""},"class_list":["post-5782","page","type-page","status-publish","has-post-thumbnail","hentry"],"yoast_head":"<!-- This site is optimized with the Yoast SEO plugin v24.8.1 - https:\/\/yoast.com\/wordpress\/plugins\/seo\/ -->\n<title>EVENTOS DELUXE FRENTE AL MAR\u2026 - La Tribu Jazba<\/title>\n<meta name=\"robots\" content=\"index, follow, max-snippet:-1, max-image-preview:large, max-video-preview:-1\" \/>\n<link rel=\"canonical\" href=\"https:\/\/www.latribujazba.com\/en\/eventos-deluxe-frente-al-mar\/\" \/>\n<meta property=\"og:locale\" content=\"en_US\" \/>\n<meta property=\"og:type\" content=\"article\" \/>\n<meta property=\"og:title\" content=\"EVENTOS DELUXE FRENTE AL MAR\u2026 - La Tribu Jazba\" \/>\n<meta property=\"og:description\" content=\"Lo que sue\u00f1as, lo conseguimos&#8230;. Si quer\u00e9is disfrutar de unas privilegiadas vistas del mar en ...\" \/>\n<meta property=\"og:url\" content=\"https:\/\/www.latribujazba.com\/en\/eventos-deluxe-frente-al-mar\/\" \/>\n<meta property=\"og:site_name\" content=\"La Tribu Jazba\" \/>\n<meta property=\"article:modified_time\" content=\"2025-04-03T10:07:16+00:00\" \/>\n<meta property=\"og:image\" content=\"https:\/\/www.latribujazba.com\/wp-content\/uploads\/Boda-Bahia-1RIP.jpg\" \/>\n\t<meta property=\"og:image:width\" content=\"1200\" \/>\n\t<meta property=\"og:image:height\" content=\"800\" \/>\n\t<meta property=\"og:image:type\" content=\"image\/jpeg\" \/>\n<meta name=\"twitter:card\" content=\"summary_large_image\" \/>\n<meta name=\"twitter:label1\" content=\"Est. reading time\" \/>\n\t<meta name=\"twitter:data1\" content=\"1 minute\" \/>\n<script type=\"application\/ld+json\" class=\"yoast-schema-graph\">{\"@context\":\"https:\/\/schema.org\",\"@graph\":[{\"@type\":\"WebPage\",\"@id\":\"https:\/\/www.latribujazba.com\/en\/eventos-deluxe-frente-al-mar\/\",\"url\":\"https:\/\/www.latribujazba.com\/en\/eventos-deluxe-frente-al-mar\/\",\"name\":\"EVENTOS DELUXE FRENTE AL MAR\u2026 - La Tribu Jazba\",\"isPartOf\":{\"@id\":\"https:\/\/www.latribujazba.com\/en\/#website\"},\"primaryImageOfPage\":{\"@id\":\"https:\/\/www.latribujazba.com\/en\/eventos-deluxe-frente-al-mar\/#primaryimage\"},\"image\":{\"@id\":\"https:\/\/www.latribujazba.com\/en\/eventos-deluxe-frente-al-mar\/#primaryimage\"},\"thumbnailUrl\":\"https:\/\/www.latribujazba.com\/wp-content\/uploads\/Boda-Bahia-1RIP.jpg\",\"datePublished\":\"2023-12-10T19:08:37+00:00\",\"dateModified\":\"2025-04-03T10:07:16+00:00\",\"breadcrumb\":{\"@id\":\"https:\/\/www.latribujazba.com\/en\/eventos-deluxe-frente-al-mar\/#breadcrumb\"},\"inLanguage\":\"en-US\",\"potentialAction\":[{\"@type\":\"ReadAction\",\"target\":[\"https:\/\/www.latribujazba.com\/en\/eventos-deluxe-frente-al-mar\/\"]}]},{\"@type\":\"ImageObject\",\"inLanguage\":\"en-US\",\"@id\":\"https:\/\/www.latribujazba.com\/en\/eventos-deluxe-frente-al-mar\/#primaryimage\",\"url\":\"https:\/\/www.latribujazba.com\/wp-content\/uploads\/Boda-Bahia-1RIP.jpg\",\"contentUrl\":\"https:\/\/www.latribujazba.com\/wp-content\/uploads\/Boda-Bahia-1RIP.jpg\",\"width\":1200,\"height\":800},{\"@type\":\"BreadcrumbList\",\"@id\":\"https:\/\/www.latribujazba.com\/en\/eventos-deluxe-frente-al-mar\/#breadcrumb\",\"itemListElement\":[{\"@type\":\"ListItem\",\"position\":1,\"name\":\"Portada\",\"item\":\"https:\/\/www.latribujazba.com\/en\/\"},{\"@type\":\"ListItem\",\"position\":2,\"name\":\"EVENTOS DELUXE FRENTE AL MAR\u2026\"}]},{\"@type\":\"WebSite\",\"@id\":\"https:\/\/www.latribujazba.com\/en\/#website\",\"url\":\"https:\/\/www.latribujazba.com\/en\/\",\"name\":\"La Tribu Jazba\",\"description\":\"Vive, disfruta, experimenta.\",\"potentialAction\":[{\"@type\":\"SearchAction\",\"target\":{\"@type\":\"EntryPoint\",\"urlTemplate\":\"https:\/\/www.latribujazba.com\/en\/?s={search_term_string}\"},\"query-input\":{\"@type\":\"PropertyValueSpecification\",\"valueRequired\":true,\"valueName\":\"search_term_string\"}}],\"inLanguage\":\"en-US\"}]}<\/script>\n<!-- \/ Yoast SEO plugin. -->","yoast_head_json":{"title":"EVENTOS DELUXE FRENTE AL MAR\u2026 - La Tribu Jazba","robots":{"index":"index","follow":"follow","max-snippet":"max-snippet:-1","max-image-preview":"max-image-preview:large","max-video-preview":"max-video-preview:-1"},"canonical":"https:\/\/www.latribujazba.com\/en\/eventos-deluxe-frente-al-mar\/","og_locale":"en_US","og_type":"article","og_title":"EVENTOS DELUXE FRENTE AL MAR\u2026 - La Tribu Jazba","og_description":"Lo que sue\u00f1as, lo conseguimos&#8230;. Si quer\u00e9is disfrutar de unas privilegiadas vistas del mar en ...","og_url":"https:\/\/www.latribujazba.com\/en\/eventos-deluxe-frente-al-mar\/","og_site_name":"La Tribu Jazba","article_modified_time":"2025-04-03T10:07:16+00:00","og_image":[{"width":1200,"height":800,"url":"https:\/\/www.latribujazba.com\/wp-content\/uploads\/Boda-Bahia-1RIP.jpg","type":"image\/jpeg"}],"twitter_card":"summary_large_image","twitter_misc":{"Est. reading time":"1 minute"},"schema":{"@context":"https:\/\/schema.org","@graph":[{"@type":"WebPage","@id":"https:\/\/www.latribujazba.com\/en\/eventos-deluxe-frente-al-mar\/","url":"https:\/\/www.latribujazba.com\/en\/eventos-deluxe-frente-al-mar\/","name":"EVENTOS DELUXE FRENTE AL MAR\u2026 - La Tribu Jazba","isPartOf":{"@id":"https:\/\/www.latribujazba.com\/en\/#website"},"primaryImageOfPage":{"@id":"https:\/\/www.latribujazba.com\/en\/eventos-deluxe-frente-al-mar\/#primaryimage"},"image":{"@id":"https:\/\/www.latribujazba.com\/en\/eventos-deluxe-frente-al-mar\/#primaryimage"},"thumbnailUrl":"https:\/\/www.latribujazba.com\/wp-content\/uploads\/Boda-Bahia-1RIP.jpg","datePublished":"2023-12-10T19:08:37+00:00","dateModified":"2025-04-03T10:07:16+00:00","breadcrumb":{"@id":"https:\/\/www.latribujazba.com\/en\/eventos-deluxe-frente-al-mar\/#breadcrumb"},"inLanguage":"en-US","potentialAction":[{"@type":"ReadAction","target":["https:\/\/www.latribujazba.com\/en\/eventos-deluxe-frente-al-mar\/"]}]},{"@type":"ImageObject","inLanguage":"en-US","@id":"https:\/\/www.latribujazba.com\/en\/eventos-deluxe-frente-al-mar\/#primaryimage","url":"https:\/\/www.latribujazba.com\/wp-content\/uploads\/Boda-Bahia-1RIP.jpg","contentUrl":"https:\/\/www.latribujazba.com\/wp-content\/uploads\/Boda-Bahia-1RIP.jpg","width":1200,"height":800},{"@type":"BreadcrumbList","@id":"https:\/\/www.latribujazba.com\/en\/eventos-deluxe-frente-al-mar\/#breadcrumb","itemListElement":[{"@type":"ListItem","position":1,"name":"Portada","item":"https:\/\/www.latribujazba.com\/en\/"},{"@type":"ListItem","position":2,"name":"EVENTOS DELUXE FRENTE AL MAR\u2026"}]},{"@type":"WebSite","@id":"https:\/\/www.latribujazba.com\/en\/#website","url":"https:\/\/www.latribujazba.com\/en\/","name":"La Tribu Jazba","description":"Vive, disfruta, experimenta.","potentialAction":[{"@type":"SearchAction","target":{"@type":"EntryPoint","urlTemplate":"https:\/\/www.latribujazba.com\/en\/?s={search_term_string}"},"query-input":{"@type":"PropertyValueSpecification","valueRequired":true,"valueName":"search_term_string"}}],"inLanguage":"en-US"}]}},"_links":{"self":[{"href":"https:\/\/www.latribujazba.com\/en\/wp-json\/wp\/v2\/pages\/5782","targetHints":{"allow":["GET"]}}],"collection":[{"href":"https:\/\/www.latribujazba.com\/en\/wp-json\/wp\/v2\/pages"}],"about":[{"href":"https:\/\/www.latribujazba.com\/en\/wp-json\/wp\/v2\/types\/page"}],"author":[{"embeddable":true,"href":"https:\/\/www.latribujazba.com\/en\/wp-json\/wp\/v2\/users\/1"}],"replies":[{"embeddable":true,"href":"https:\/\/www.latribujazba.com\/en\/wp-json\/wp\/v2\/comments?post=5782"}],"version-history":[{"count":10,"href":"https:\/\/www.latribujazba.com\/en\/wp-json\/wp\/v2\/pages\/5782\/revisions"}],"predecessor-version":[{"id":6844,"href":"https:\/\/www.latribujazba.com\/en\/wp-json\/wp\/v2\/pages\/5782\/revisions\/6844"}],"wp:featuredmedia":[{"embeddable":true,"href":"https:\/\/www.latribujazba.com\/en\/wp-json\/wp\/v2\/media\/5901"}],"wp:attachment":[{"href":"https:\/\/www.latribujazba.com\/en\/wp-json\/wp\/v2\/media?parent=5782"}],"curies":[{"name":"wp","href":"https:\/\/api.w.org\/{rel}","templated":true}]}}